{"id":9337,"date":"2023-09-22T00:06:19","date_gmt":"2023-09-21T22:06:19","guid":{"rendered":"https:\/\/teamdochnoch.de\/?page_id=9337"},"modified":"2024-05-31T12:25:21","modified_gmt":"2024-05-31T10:25:21","slug":"chausseehaeuser-in-preussen-insbesondere-provinz-brandenburg","status":"publish","type":"page","link":"https:\/\/teamdochnoch.de\/teamdochnoch\/chausseehaeuser-und-chausseehauskarte\/chausseehaeuser-in-preussen-insbesondere-provinz-brandenburg\/","title":{"rendered":"Chausseeh\u00e4user in Preu\u00dfen, insbesondere  Provinz Brandenburg"},"content":{"rendered":"\n<p>Aus den ersten zaghaften Dokumentationen der Chausseeh\u00e4user hat sich zwischenzeitlich doch ein weiteres Sammelgebiet f\u00fcr mich ergeben. Die Suche nach ihnen beeinflusst auch den Blick auf den Stra\u00dfenrand und auch auf Karten. Ein Chausseehaus hatte f\u00fcr mich fr\u00fcher eigentlich klassische Struktur: dicht an der Stra\u00dfe, mit einem Erker, etwas einsam vor den Toren der Ortschaft. Typische Beispiele w\u00e4ren z.B. <a href=\"http:\/\/b.mtbb.de\/2005\/02\/20\/chausseehaus-an-der-l31-am-noerdlichen-rand-von-lanke\/\">Lanke<\/a>, <a href=\"http:\/\/b.mtbb.de\/2022\/02\/22\/chausseehaus-ladeburg\/\">Ladeburg<\/a> oder <a href=\"http:\/\/b.mtbb.de\/2005\/02\/19\/chausseehaus-an-der-b109-suedlich-von-gross-schoenebeck\/\">Gro\u00df Sch\u00f6nebeck<\/a> bzw. <a href=\"http:\/\/b.mtbb.de\/2005\/02\/20\/chausseehaus-werftpfuhl-b158\/\">Werftpfuhl<\/a> (inzwischen abgerissen).<br \/><br \/>Durch den bereits erw\u00e4hnten Aufsatz von&nbsp;Sabine Ambrosius und Gabriele Horn (<a href=\"https:\/\/www.google.com\/url?sa=t&amp;rct=j&amp;q=&amp;esrc=s&amp;source=web&amp;cd=&amp;cad=rja&amp;uact=8&amp;ved=2ahUKEwjg3Jv9xs30AhXWSPEDHXYeAloQFnoECA0QAQ&amp;url=https%3A%2F%2Fwww.potsdam.de%2Fsites%2Fdefault%2Ffiles%2Fdocuments%2F2012_ambrosius_horn_architectura_minora_-_chausseehaeuser_in_der_neumark_nowa_marchia.pdf&amp;usg=AOvVaw2px09adLU4l4WMqW8ya0vp\">Architectura minora \u2013 Chausseeh\u00e4user in der Neumark (Nowa Marchia)<\/a>) und auch durch meine Beobachtungen habe ich aber gelernt, dass nicht alle Chausseeh\u00e4user diesem Schema folgen. Das liegt zum einen daran, dass die ersten eher planlos gebaut wurden. Sowohl was den Ort als auch den Baustil betrifft. Und erst sp\u00e4ter eine gewisse Vereinheitlichung bzw. Reglementierung erfolgte.<br \/><br \/>Bzgl. Baustil unterscheiden Ambrosius \/ Horn 4 zeitliche Phasen der Errichtung der Chausseeh\u00e4user in Preu\u00dfen und insbesondere der Provinz Brandenburg:<br \/><br \/>1. Zeit bis ca. 1800 &#8211; die H\u00e4user sind von individuellen L\u00f6sungen gepr\u00e4gt, was sowohl Fassade als auch Grundriss betrifft (die Chausseeh\u00e4user in Tasdorf und Blumberg sollen in die Zeit fallen)<\/p>\n\n\n\n<p>2. die 2. Phase beginnt nach den Befreiungskriegen ca. 1814, hier entstanden die ersten gleich gestalteten Chausseeh\u00e4user, erw\u00e4hnt wird z.B. der Ausbau der Chaussee von M\u00fcncheberg \u00fcber K\u00fcstrin \/ Kostrzyn nad Odr\u0105 nach Danzig \/ Gda\u0144sk. Heute in Deutschland <a href=\"http:\/\/b.mtbb.de\/tag\/b1\/\">B1<\/a> \/ <a href=\"http:\/\/teamdochnoch.de\/tag\/b1\/\">B1<\/a> in Polen <a href=\"http:\/\/b.mtbb.de\/tag\/dk-29\/\">DK 29<\/a> (Hinweis: Die Provinz Brandenburg endete am Grenzhaus in Neuteich (Nowy Staw) in Pommern (Pomorsze), 1827, das heute nicht mehr erhalten ist.)<\/p>\n\n\n\n<p>3. als 3. Phase wird die Zeit ab 1834 bezeichnet, wo der Bau von Aktien- und Pr\u00e4mienchausseen begann &#8211; Ambrosius \/ Horn schreiben dazu:<\/p>\n\n\n\n<blockquote class=\"wp-block-quote is-layout-flow wp-block-quote-is-layout-flow\">\n<p>Mit den der Anweisung von 1834 beigelegten Musterentw\u00fcrfen beabsichtigte die Verwaltung die Erscheinung der Chausseeh\u00e4user zu vereinheitlichen. Dennoch wird bald ablesbar, wie die Bauaufgabe Chausseehaus zunehmend variiert und dem Zeitgeschmack angepasst wird.<\/p>\n<cite><a href=\"https:\/\/www.google.com\/url?sa=t&amp;rct=j&amp;q=&amp;esrc=s&amp;source=web&amp;cd=&amp;cad=rja&amp;uact=8&amp;ved=2ahUKEwjg3Jv9xs30AhXWSPEDHXYeAloQFnoECA0QAQ&amp;url=https%3A%2F%2Fwww.potsdam.de%2Fsites%2Fdefault%2Ffiles%2Fdocuments%2F2012_ambrosius_horn_architectura_minora_-_chausseehaeuser_in_der_neumark_nowa_marchia.pdf&amp;usg=AOvVaw2px09adLU4l4WMqW8ya0vp\">Architectura minora \u2013 Chausseeh\u00e4user in der Neumark (Nowa Marchia) &#8211; Sabine Ambrosius \/ Gabriele Horn<\/a> (pdf-Link)<\/cite><\/blockquote>\n\n\n\n<p>4. als letzte und damit 4. Phase wird die Zeit von 1855 bis 1874 bezeichnet, als vor allem Kreischausseen gebaut wurden, an denen es keine einheitlichen Geb\u00e4ude mehr gab. Erw\u00e4hnt wird f\u00fcr diese Phase das Chausseehaus von Sommerfeld an der Chaussee Tegel\u2013Rheinsberg.<br><br>Die Geschichte der Chausseeh\u00e4user an den Staatschausseen der Provinz Brandenburg endet mit der Aufhebung der Chausseegeb\u00fchren zum 31. Dezember 1874. Bei Privat-, Kreis- oder Aktienchausseen wurde allerdings noch bis zu 40 Jahre l\u00e4nger Geb\u00fchren erhoben, so dass diese Chausseeh\u00e4user ihre Funktion noch bis in den Beginn des 20. Jahrhunderts erf\u00fcllten.<\/p>\n","protected":false},"excerpt":{"rendered":"<p>Aus den ersten zaghaften Dokumentationen der Chausseeh\u00e4user hat sich zwischenzeitlich doch ein weiteres Sammelgebiet f\u00fcr mich ergeben. Die Suche nach ihnen beeinflusst auch den Blick auf den Stra\u00dfenrand und auch auf Karten. Ein Chausseehaus hatte f\u00fcr mich fr\u00fcher eigentlich klassische Struktur: dicht an der Stra\u00dfe, mit einem Erker, etwas einsam vor den Toren der Ortschaft. [&hellip;]<\/p>\n","protected":false},"author":1,"featured_media":0,"parent":35,"menu_order":1,"comment_status":"closed","ping_status":"closed","template":"","meta":{"footnotes":""},"class_list":["post-9337","page","type-page","status-publish","hentry"],"_links":{"self":[{"href":"https:\/\/teamdochnoch.de\/teamdochnoch\/wp-json\/wp\/v2\/pages\/9337","targetHints":{"allow":["GET"]}}],"collection":[{"href":"https:\/\/teamdochnoch.de\/teamdochnoch\/wp-json\/wp\/v2\/pages"}],"about":[{"href":"https:\/\/teamdochnoch.de\/teamdochnoch\/wp-json\/wp\/v2\/types\/page"}],"author":[{"embeddable":true,"href":"https:\/\/teamdochnoch.de\/teamdochnoch\/wp-json\/wp\/v2\/users\/1"}],"replies":[{"embeddable":true,"href":"https:\/\/teamdochnoch.de\/teamdochnoch\/wp-json\/wp\/v2\/comments?post=9337"}],"version-history":[{"count":2,"href":"https:\/\/teamdochnoch.de\/teamdochnoch\/wp-json\/wp\/v2\/pages\/9337\/revisions"}],"predecessor-version":[{"id":9521,"href":"https:\/\/teamdochnoch.de\/teamdochnoch\/wp-json\/wp\/v2\/pages\/9337\/revisions\/9521"}],"up":[{"embeddable":true,"href":"https:\/\/teamdochnoch.de\/teamdochnoch\/wp-json\/wp\/v2\/pages\/35"}],"wp:attachment":[{"href":"https:\/\/teamdochnoch.de\/teamdochnoch\/wp-json\/wp\/v2\/media?parent=9337"}],"curies":[{"name":"wp","href":"https:\/\/api.w.org\/{rel}","templated":true}]}}