{"id":9319,"date":"2023-09-21T22:53:08","date_gmt":"2023-09-21T20:53:08","guid":{"rendered":"https:\/\/teamdochnoch.de\/?page_id=9319"},"modified":"2024-05-31T12:25:29","modified_gmt":"2024-05-31T10:25:29","slug":"ausfuehrungen-zu-wegegeld-im-bereich-nordwest","status":"publish","type":"page","link":"https:\/\/teamdochnoch.de\/teamdochnoch\/chausseehaeuser-und-chausseehauskarte\/ausfuehrungen-zu-wegegeld-im-bereich-nordwest\/","title":{"rendered":"Ausf\u00fchrungen zu Wegegeld im Bereich Nordwest"},"content":{"rendered":"\n<p>Auf der Webseite <a href=\"http:\/\/www.360-270.de\/\" target=\"_blank\" rel=\"noreferrer noopener\">360\u00b0- 270\u00b0 REGION nord-west<\/a> fand ich sehr umfangreiche Ausf\u00fchrungen zum Wegegeld und Chausseen im Bereich Nordwest.<br><br>Auf die Seite <a href=\"http:\/\/www.360-270.de\/oldenburger-land\/weggeldhebestellen-im-oldenburger-land\/attachment\/1868\/\" target=\"_blank\" rel=\"noreferrer noopener\">Weggeld-Hebestellen im Gro\u00dfherzogtum Oldenburg -1868<\/a> ist ein PDF verlinkt. Einen direktlink zum pdf habe ich hier gesetzt:<br><a href=\"http:\/\/www.360-270.de\/wp-content\/uploads\/2012\/08\/1868.pdf\" target=\"_blank\" rel=\"noreferrer noopener\">http:\/\/www.360-270.de\/wp-content\/uploads\/2012\/08\/1868.pdf<\/a><br><br>Weitere interessante Informationen fand ich auf dieser Seite der Homepage: <a href=\"http:\/\/www.360-270.de\/oldenburger-land\/weggeldhebestellen-im-oldenburger-land\/\" target=\"_blank\" rel=\"noreferrer noopener\">Weggeldhebestellen im Oldenburger Land | 360\u00b0- 270\u00b0 REGION nord-west<\/a><br><br>Erl\u00e4utert wurden auch Begriffe bzw. Abk\u00fcrzungen auf Karten:<\/p>\n\n\n\n<ul class=\"wp-block-list\">\n<li>Wgh steht f\u00fcr Weggeldhebestelle<\/li>\n\n\n\n<li>HS, HSt Hebestelle (bei HSt bin ich mir aber nicht sicher, auf vielen Me\u00dftischbl\u00e4ttern steht HSt f\u00fcr Haltestelle z.B. einer Kleinbahn)<\/li>\n<\/ul>\n\n\n\n<p>Auf der Seite wurde auch das System der Vergabe der Wegegeldhebestellen an mehreren Orten etwas erl\u00e4utert. Demnach wurden die Hebestellen an den Meistbietenden verpachtet. So ist z.B. f\u00fcr das Jeversche Zollaus und die Hebestelle Ellenseerdamm ein Wechsel im Jahr 1861 beschrieben und f\u00fcr die Hebestellen in Steinhausen sogar ein mehrfacher Wechsel.<br><br>Ebenso wurde beschrieben, dass der Wegegelderheber wahlweise ein neues Haus als Hebestelle bauen konnte oder aber auch ein vorhandenes Haus nutzen darf.<br><br>F\u00fcr die Landstra\u00dfe Westeraccum-Westeraccumersiel ist vermerkt, dass keine Wegegelder erhoben werden konnten, da sich kein P\u00e4chter f\u00fcr die Strecke fand. Der Landkreis hatte im Jahr 1913 versucht, einen P\u00e4chter zu finden, nach einem halben Jahr Suche wurde auf die Errichtung der Weggeldhebestelle verzichtet.<\/p>\n\n\n\n<blockquote class=\"wp-block-quote is-layout-flow wp-block-quote-is-layout-flow\">\n<p>Landstra\u00dfe Westeraccum-Westeraccumersiel<br>Kein P\u00e4chter= keine Hebestelle  Wittmund, 21.Februar 1913:&nbsp; &nbsp;Der Kreisausschu\u00df beantragt die Genehmigung einer Weggeldhebestelle f\u00fcr die Landstra\u00dfenstrecke Westeraccum-Westeraccumersiel (L\u00e4nge 4025m) Hebebetrag&nbsp; halber Tarifsatz<br><br>Aurich, 3.M\u00e4rz 1913:&nbsp; &nbsp;Genehmigung zur Errichtung einer Hebestelle auf o.a. Landstra\u00dfe ist erfolgt.<br><br>Aurich, 3.September 1913:&nbsp; &nbsp;Aktenvermerk:&nbsp; &nbsp;[\u2026] keine Errichtung einer Weggeldhebestelle an der Landstra\u00dfe Westeraccum-Westeraccumersiel, da sich kein P\u00e4chter gefunden hat.<\/p>\n<cite><a href=\"http:\/\/www.360-270.de\/ostfriesland\/weggeldhebestellen-in-ostfriesland\/1910-1913-chausseegeldhebestellen-im-reg-bez-aurich\/\" target=\"_blank\" rel=\"noreferrer noopener\">1910 \/ 1913 Chausseegeldhebestellen im Reg.Bez. Aurich<\/a><\/cite><\/blockquote>\n\n\n\n<p><\/p>\n","protected":false},"excerpt":{"rendered":"<p>Auf der Webseite 360\u00b0- 270\u00b0 REGION nord-west fand ich sehr umfangreiche Ausf\u00fchrungen zum Wegegeld und Chausseen im Bereich Nordwest. Auf die Seite Weggeld-Hebestellen im Gro\u00dfherzogtum Oldenburg -1868 ist ein PDF verlinkt. Einen direktlink zum pdf habe ich hier gesetzt:http:\/\/www.360-270.de\/wp-content\/uploads\/2012\/08\/1868.pdf Weitere interessante Informationen fand ich auf dieser Seite der Homepage: Weggeldhebestellen im Oldenburger Land | 360\u00b0- [&hellip;]<\/p>\n","protected":false},"author":1,"featured_media":0,"parent":35,"menu_order":3,"comment_status":"closed","ping_status":"closed","template":"","meta":{"footnotes":""},"class_list":["post-9319","page","type-page","status-publish","hentry"],"_links":{"self":[{"href":"https:\/\/teamdochnoch.de\/teamdochnoch\/wp-json\/wp\/v2\/pages\/9319","targetHints":{"allow":["GET"]}}],"collection":[{"href":"https:\/\/teamdochnoch.de\/teamdochnoch\/wp-json\/wp\/v2\/pages"}],"about":[{"href":"https:\/\/teamdochnoch.de\/teamdochnoch\/wp-json\/wp\/v2\/types\/page"}],"author":[{"embeddable":true,"href":"https:\/\/teamdochnoch.de\/teamdochnoch\/wp-json\/wp\/v2\/users\/1"}],"replies":[{"embeddable":true,"href":"https:\/\/teamdochnoch.de\/teamdochnoch\/wp-json\/wp\/v2\/comments?post=9319"}],"version-history":[{"count":3,"href":"https:\/\/teamdochnoch.de\/teamdochnoch\/wp-json\/wp\/v2\/pages\/9319\/revisions"}],"predecessor-version":[{"id":9762,"href":"https:\/\/teamdochnoch.de\/teamdochnoch\/wp-json\/wp\/v2\/pages\/9319\/revisions\/9762"}],"up":[{"embeddable":true,"href":"https:\/\/teamdochnoch.de\/teamdochnoch\/wp-json\/wp\/v2\/pages\/35"}],"wp:attachment":[{"href":"https:\/\/teamdochnoch.de\/teamdochnoch\/wp-json\/wp\/v2\/media?parent=9319"}],"curies":[{"name":"wp","href":"https:\/\/api.w.org\/{rel}","templated":true}]}}