{"id":48,"date":"2023-02-14T16:30:15","date_gmt":"2023-02-14T15:30:15","guid":{"rendered":"https:\/\/teamdochnoch.de\/?page_id=48"},"modified":"2024-08-20T15:29:18","modified_gmt":"2024-08-20T13:29:18","slug":"bahn","status":"publish","type":"page","link":"https:\/\/teamdochnoch.de\/teamdochnoch\/bahn\/","title":{"rendered":"Bahn"},"content":{"rendered":"\n<p>Von einem Randthema hat sich die Vorbildeisenbahn in den letzten Jahren weit in den Vordergrund geschoben. Ich hatte ungef\u00e4hr mit zehn eine Modellbahn geschenkt bekommen und wollte auch mal Verkehrswesen studieren. Ein sehr starkes Interesse am Vorbild und vor allem an der Vorbildfotografie bestand zuerst aber nicht. <\/p>\n\n\n\n<p>Das Interesse kam erst sp\u00e4ter. Bei der Eisenbahnfotografie interessieren mich vor allem G\u00fcterz\u00fcge auf nichtelektrifzierten m\u00f6glichst eingleisigen Strecken. Unabh\u00e4ngig davon fotografiere ich aber alles, was mir halbwegs fototauglich vor die Linse f\u00e4hrt. Denn eine Weisheit sagt, was Du heute fotografierst, ist morgen schon Geschichte (oder so \u00e4hnlich).<\/p>\n\n\n\n<p>Mein Fotografieschwerpunkt liegt dabei im Nordosten Berlin-Brandenburgs mit den beiden Hauptlinien <a href=\"http:\/\/b.mtbb.de\/tag\/bahn-berlin-stettin\/\">Berlin-Stettin<\/a> und <a href=\"https:\/\/teamdochnoch.de\/tag\/berliner-nordbahn\/\">Berliner Nordbahn<\/a>. Dazu kommen dann noch die Nebenlinien der Region wie <a href=\"http:\/\/b.mtbb.de\/tag\/heidekrautbahn\/\">Heidekrautbahn<\/a>, Bahnlinie <a href=\"http:\/\/b.mtbb.de\/tag\/bahn-britz-fuerstenberg\/\">Britz-Templin (F\u00fcrstenberg)<\/a>, Wriezener Bahn, Ostbahn, Bahnlinie Eberswalde-Frankfurt\/Oder. <\/p>\n\n\n\n<p>Ausflugsschwerpunkte sind vor allem die relativ grenznahen Regionen von <a href=\"http:\/\/b.mtbb.de\/tag\/polen\/\">Polen<\/a> und die \u00f6stlichen Bundesl\u00e4nder. Wenn Zeit und Ort zusammenpassen, fotografierte ich aber auch in anderen Regionen Deutschlands (z.B. <a href=\"https:\/\/teamdochnoch.de\/tag\/bayern\/\">Bayern<\/a>) L\u00e4ndern Europas (<a href=\"https:\/\/teamdochnoch.de\/tag\/frankreich\/\">Frankreich<\/a>, <a href=\"https:\/\/teamdochnoch.de\/tag\/oesterreich\/\">\u00d6sterreich<\/a>, <a href=\"https:\/\/teamdochnoch.de\/tag\/schweden\/\">Schweden<\/a>) und dazu in Neuseeland, Australien und Kanada.<\/p>\n\n\n\n<ul class=\"wp-block-list\">\n<li>Eisenbahn auf b.mtbb.de: <a href=\"http:\/\/b.mtbb.de\/tag\/eisenbahn\/\">Eisenbahn<\/a> <\/li>\n\n\n\n<li>Eisenbahn auf teamdochnoch.de: <a href=\"https:\/\/teamdochnoch.de\/tag\/eisenbahn\/\">Eisenbahn<\/a> <\/li>\n<\/ul>\n\n\n\n<p>Im Laufe der Zeit haben sich verschiedene Lieblingsbaureihen entwickelt:<\/p>\n\n\n\n<ul class=\"wp-block-list\">\n<li>Diesel auf b.mtbb.de: <a href=\"http:\/\/b.mtbb.de\/tag\/m62\/\">M62<\/a> | <a href=\"http:\/\/b.mtbb.de\/tag\/v100\/\">V100<\/a> | <a href=\"http:\/\/b.mtbb.de\/tag\/v300\/\">V300<\/a> | <a href=\"http:\/\/b.mtbb.de\/tag\/br646\/\">GTW 2\/6<\/a> | Class 66\/77<\/li>\n\n\n\n<li>Strom auf b.mtbb.de: <a href=\"http:\/\/b.mtbb.de\/tag\/en57\/\">EN57<\/a> | <a href=\"http:\/\/b.mtbb.de\/tag\/br243\/\">BR 243<\/a> | <a href=\"http:\/\/b.mtbb.de\/tag\/et41\/\">ET41<\/a><\/li>\n<\/ul>\n\n\n\n<h2 class=\"wp-block-heading\">Moderne Bahn<\/h2>\n\n\n\n<p>Die wirklich moderne Bahn habe ich lange Zeit eher ignoriert. So waren mir viele der Baureihen aus den 1990er und 2000er Jahren eher egal. Erst mit den Drehstromern der 3. Generation (<a href=\"https:\/\/teamdochnoch.de\/tag\/vectron\/\">Vectron<\/a> und <a href=\"https:\/\/teamdochnoch.de\/tag\/traxx\/\">TRAXX<\/a> 3) war pl\u00f6tzlich die moderne Bahn wieder interessant.<\/p>\n\n\n\n<p>Neben der fahrenden Bahn dokumentiere ich aber auch einiges an immobilen Sachen. <a href=\"https:\/\/teamdochnoch.de\/tag\/bahnhof\/\">Bahnh\u00f6fe<\/a>, Stellwerke und Bahn\u00fcberg\u00e4nge sind dabei vielleicht noch hervorzuheben.<\/p>\n\n\n\n<figure class=\"wp-block-image size-large\"><a href=\"https:\/\/teamdochnoch.de\/wp-content\/uploads\/2023\/03\/wp-1679487560448.jpg\"><img loading=\"lazy\" decoding=\"async\" width=\"1024\" height=\"640\" src=\"https:\/\/teamdochnoch.de\/wp-content\/uploads\/2023\/03\/wp-1679487560448-1024x640.jpg\" alt=\"\" class=\"wp-image-8607 colorbox-48\" srcset=\"https:\/\/teamdochnoch.de\/wp-content\/uploads\/2023\/03\/wp-1679487560448-1024x640.jpg 1024w, https:\/\/teamdochnoch.de\/wp-content\/uploads\/2023\/03\/wp-1679487560448-300x188.jpg 300w, https:\/\/teamdochnoch.de\/wp-content\/uploads\/2023\/03\/wp-1679487560448-768x480.jpg 768w, https:\/\/teamdochnoch.de\/wp-content\/uploads\/2023\/03\/wp-1679487560448-1536x960.jpg 1536w, https:\/\/teamdochnoch.de\/wp-content\/uploads\/2023\/03\/wp-1679487560448.jpg 1920w\" sizes=\"auto, (max-width: 1024px) 100vw, 1024px\" \/><\/a><\/figure>\n","protected":false},"excerpt":{"rendered":"<p>Von einem Randthema hat sich die Vorbildeisenbahn in den letzten Jahren weit in den Vordergrund geschoben. Ich hatte ungef\u00e4hr mit zehn eine Modellbahn geschenkt bekommen und wollte auch mal Verkehrswesen studieren. Ein sehr starkes Interesse am Vorbild und vor allem an der Vorbildfotografie bestand zuerst aber nicht. Das Interesse kam erst sp\u00e4ter. Bei der Eisenbahnfotografie [&hellip;]<\/p>\n","protected":false},"author":1,"featured_media":0,"parent":0,"menu_order":0,"comment_status":"closed","ping_status":"closed","template":"","meta":{"footnotes":""},"class_list":["post-48","page","type-page","status-publish","hentry"],"_links":{"self":[{"href":"https:\/\/teamdochnoch.de\/teamdochnoch\/wp-json\/wp\/v2\/pages\/48","targetHints":{"allow":["GET"]}}],"collection":[{"href":"https:\/\/teamdochnoch.de\/teamdochnoch\/wp-json\/wp\/v2\/pages"}],"about":[{"href":"https:\/\/teamdochnoch.de\/teamdochnoch\/wp-json\/wp\/v2\/types\/page"}],"author":[{"embeddable":true,"href":"https:\/\/teamdochnoch.de\/teamdochnoch\/wp-json\/wp\/v2\/users\/1"}],"replies":[{"embeddable":true,"href":"https:\/\/teamdochnoch.de\/teamdochnoch\/wp-json\/wp\/v2\/comments?post=48"}],"version-history":[{"count":10,"href":"https:\/\/teamdochnoch.de\/teamdochnoch\/wp-json\/wp\/v2\/pages\/48\/revisions"}],"predecessor-version":[{"id":10860,"href":"https:\/\/teamdochnoch.de\/teamdochnoch\/wp-json\/wp\/v2\/pages\/48\/revisions\/10860"}],"wp:attachment":[{"href":"https:\/\/teamdochnoch.de\/teamdochnoch\/wp-json\/wp\/v2\/media?parent=48"}],"curies":[{"name":"wp","href":"https:\/\/api.w.org\/{rel}","templated":true}]}}