{"id":27,"date":"2022-03-20T15:33:11","date_gmt":"2022-03-20T14:33:11","guid":{"rendered":"https:\/\/teamdochnoch.de\/?page_id=27"},"modified":"2023-09-21T23:39:03","modified_gmt":"2023-09-21T21:39:03","slug":"ueber","status":"publish","type":"page","link":"https:\/\/teamdochnoch.de\/teamdochnoch\/teamdochnoch-de\/ueber\/","title":{"rendered":"\u00fcber"},"content":{"rendered":"\n<figure class=\"wp-block-image size-large\"><img loading=\"lazy\" decoding=\"async\" width=\"1024\" height=\"640\" src=\"https:\/\/teamdochnoch.de\/wp-content\/uploads\/2023\/03\/wp-1679487560448-1024x640.jpg\" alt=\"\" class=\"wp-image-8607 colorbox-27\" srcset=\"https:\/\/teamdochnoch.de\/wp-content\/uploads\/2023\/03\/wp-1679487560448-1024x640.jpg 1024w, https:\/\/teamdochnoch.de\/wp-content\/uploads\/2023\/03\/wp-1679487560448-300x188.jpg 300w, https:\/\/teamdochnoch.de\/wp-content\/uploads\/2023\/03\/wp-1679487560448-768x480.jpg 768w, https:\/\/teamdochnoch.de\/wp-content\/uploads\/2023\/03\/wp-1679487560448-1536x960.jpg 1536w, https:\/\/teamdochnoch.de\/wp-content\/uploads\/2023\/03\/wp-1679487560448.jpg 1920w\" sizes=\"auto, (max-width: 1024px) 100vw, 1024px\" \/><\/figure>\n\n\n\n<p>TEAMDOCHNOCH  ist eine private Homepage. Hier geht es ums Radfahren, Segeln und Paddeln, etwas Verkehr und vor allem Wasserbau und Fotografie. Die Bilder entstehen im t\u00e4glichen Leben oder bei Reisen. es sind Landschaftsaufnahmen, Technik und Architektur. Einen regionalen Schwerpunkt bildet dabei meine Heimat, die Region des nord\u00f6stlichen Berlin-Brandenburg. Reiseberichte stammen aus vielen Teilen Europas, dazu gibt es einige Bilder von Reisen aus Asien, Ozeanien, Nord- und S\u00fcdamerika.<\/p>\n\n\n\n<p>TEAMDOCHNOCH ist seit 2000 unterwegs im Netz und \u00fcber die eigentliche Idee, etwas \u00fcber Fahrradreisen und Segeln zu erz\u00e4hlen, weit hinausgewachsen. TEAMDOCHNOCH ist eigentlich nur eine einzelne Person. Das TEAM ist manchmal aber auch gr\u00f6\u00dfer und dann wieder kleiner. Der Name der Webseite, ist vom Bootsnamen der DOCHNOCH abgeleitet, die die Erinnerung an meinen viel zu fr\u00fch verstorbenen Vater wach h\u00e4lt.<\/p>\n","protected":false},"excerpt":{"rendered":"<p>TEAMDOCHNOCH ist eine private Homepage. Hier geht es ums Radfahren, Segeln und Paddeln, etwas Verkehr und vor allem Wasserbau und Fotografie. Die Bilder entstehen im t\u00e4glichen Leben oder bei Reisen. es sind Landschaftsaufnahmen, Technik und Architektur. Einen regionalen Schwerpunkt bildet dabei meine Heimat, die Region des nord\u00f6stlichen Berlin-Brandenburg. Reiseberichte stammen aus vielen Teilen Europas, dazu [&hellip;]<\/p>\n","protected":false},"author":1,"featured_media":0,"parent":7,"menu_order":0,"comment_status":"closed","ping_status":"closed","template":"","meta":{"footnotes":""},"class_list":["post-27","page","type-page","status-publish","hentry"],"_links":{"self":[{"href":"https:\/\/teamdochnoch.de\/teamdochnoch\/wp-json\/wp\/v2\/pages\/27","targetHints":{"allow":["GET"]}}],"collection":[{"href":"https:\/\/teamdochnoch.de\/teamdochnoch\/wp-json\/wp\/v2\/pages"}],"about":[{"href":"https:\/\/teamdochnoch.de\/teamdochnoch\/wp-json\/wp\/v2\/types\/page"}],"author":[{"embeddable":true,"href":"https:\/\/teamdochnoch.de\/teamdochnoch\/wp-json\/wp\/v2\/users\/1"}],"replies":[{"embeddable":true,"href":"https:\/\/teamdochnoch.de\/teamdochnoch\/wp-json\/wp\/v2\/comments?post=27"}],"version-history":[{"count":8,"href":"https:\/\/teamdochnoch.de\/teamdochnoch\/wp-json\/wp\/v2\/pages\/27\/revisions"}],"predecessor-version":[{"id":8682,"href":"https:\/\/teamdochnoch.de\/teamdochnoch\/wp-json\/wp\/v2\/pages\/27\/revisions\/8682"}],"up":[{"embeddable":true,"href":"https:\/\/teamdochnoch.de\/teamdochnoch\/wp-json\/wp\/v2\/pages\/7"}],"wp:attachment":[{"href":"https:\/\/teamdochnoch.de\/teamdochnoch\/wp-json\/wp\/v2\/media?parent=27"}],"curies":[{"name":"wp","href":"https:\/\/api.w.org\/{rel}","templated":true}]}}